{"id":124,"date":"2014-11-30T01:06:13","date_gmt":"2014-11-30T01:06:13","guid":{"rendered":"http:\/\/lsr-gmbh-wpg.de\/?page_id=124"},"modified":"2026-01-21T23:22:53","modified_gmt":"2026-01-21T23:22:53","slug":"wir-sind-gern-fuer-sie-da","status":"publish","type":"page","link":"https:\/\/www.wpsl-wpg.de\/?page_id=124","title":{"rendered":"Wir sind gern f\u00fcr Sie da"},"content":{"rendered":"<p>&nbsp;<\/p>\n<h2>Wir sind gern f\u00fcr Sie da<\/h2>\n<p>&nbsp;<\/p>\n<table cellpadding=\"6\">\n<tbody>\n<tr>\n<td valign=\"top\"><img decoding=\"async\" src=\"\/wp-content\/uploads\/2014\/11\/dr-heike-liebal.jpg\" alt=\"Dr Heike Liebal\" \/><\/td>\n<td>\n<h3 style=\"display: inline;\">Dr. Heike Liebal<\/h3>\n<p>Wirtschaftspr\u00fcferin<br \/>\nDiplom-Ingenieur-\u00d6konom<\/p>\n<p><span style=\"color: #000000;\">Mobil +49 (174) 330 44 95<\/span><br \/>\n<span style=\"color: #000000;\"> eMail\u00a0 HLiebal@WPSL-WPG.de<\/span><\/td>\n<td><\/td>\n<\/tr>\n<tr>\n<td><\/td>\n<\/tr>\n<tr>\n<td valign=\"top\"><img decoding=\"async\" src=\"\/wp-content\/uploads\/2014\/11\/mandy-seifert.jpg\" alt=\"Mandy Seifert\" \/><\/td>\n<td>\n<h3>Mandy Seifert<\/h3>\n<p>Gepr. Bilanzbuchhalterin (IHK)<br \/>\nBilanzbuchhalterin International (IHK)<\/p>\n<p>Telefon +49 (351) 6569 1852<br \/>\neMail\u00a0\u00a0\u00a0\u00a0\u00a0MSeifert@WPSL-WPG.de<\/td>\n<td><\/td>\n<\/tr>\n<tr>\n<td><\/td>\n<\/tr>\n<tr>\n<td valign=\"top\"><\/td>\n<td><\/td>\n<td><\/td>\n<\/tr>\n<tr>\n<td><\/td>\n<\/tr>\n<tr>\n<td valign=\"top\"><\/td>\n<td><\/td>\n<td><\/td>\n<\/tr>\n<\/tbody>\n<\/table>\n","protected":false},"excerpt":{"rendered":"<p>&nbsp; Wir sind gern f\u00fcr Sie da &nbsp; Dr. Heike Liebal Wirtschaftspr\u00fcferin Diplom-Ingenieur-\u00d6konom Mobil +49 (174) 330 44 95 eMail\u00a0 HLiebal@WPSL-WPG.de Mandy Seifert Gepr. Bilanzbuchhalterin (IHK) Bilanzbuchhalterin International (IHK) Telefon +49 (351) 6569 1852 eMail\u00a0\u00a0\u00a0\u00a0\u00a0MSeifert@WPSL-WPG.de <a class=\"more-link\" href=\"https:\/\/www.wpsl-wpg.de\/?page_id=124\">weiterlesen<\/a><\/p>","protected":false},"author":1,"featured_media":0,"parent":0,"menu_order":0,"comment_status":"closed","ping_status":"closed","template":"pages\/fullwidth.php","meta":{"footnotes":""},"class_list":["post-124","page","type-page","status-publish","hentry"],"_links":{"self":[{"href":"https:\/\/www.wpsl-wpg.de\/index.php?rest_route=\/wp\/v2\/pages\/124","targetHints":{"allow":["GET"]}}],"collection":[{"href":"https:\/\/www.wpsl-wpg.de\/index.php?rest_route=\/wp\/v2\/pages"}],"about":[{"href":"https:\/\/www.wpsl-wpg.de\/index.php?rest_route=\/wp\/v2\/types\/page"}],"author":[{"embeddable":true,"href":"https:\/\/www.wpsl-wpg.de\/index.php?rest_route=\/wp\/v2\/users\/1"}],"replies":[{"embeddable":true,"href":"https:\/\/www.wpsl-wpg.de\/index.php?rest_route=%2Fwp%2Fv2%2Fcomments&post=124"}],"version-history":[{"count":20,"href":"https:\/\/www.wpsl-wpg.de\/index.php?rest_route=\/wp\/v2\/pages\/124\/revisions"}],"predecessor-version":[{"id":377,"href":"https:\/\/www.wpsl-wpg.de\/index.php?rest_route=\/wp\/v2\/pages\/124\/revisions\/377"}],"wp:attachment":[{"href":"https:\/\/www.wpsl-wpg.de\/index.php?rest_route=%2Fwp%2Fv2%2Fmedia&parent=124"}],"curies":[{"name":"wp","href":"https:\/\/api.w.org\/{rel}","templated":true}]}}