{"id":337,"date":"2018-05-29T20:30:54","date_gmt":"2018-05-29T20:30:54","guid":{"rendered":"http:\/\/www.wpsl-wpg.de\/?page_id=337"},"modified":"2026-01-21T23:16:13","modified_gmt":"2026-01-21T23:16:13","slug":"datenschutz","status":"publish","type":"page","link":"https:\/\/www.wpsl-wpg.de\/?page_id=337","title":{"rendered":"Datenschutz"},"content":{"rendered":"<div class=\"main-content full-width page-content\">\n<p><strong>Datenschutzrechtliche Hinweise<\/strong><\/p>\n<p>WPSL Treuhand &amp; Revision GmbH WPG nimmt den Schutz Ihrer personenbezogenen Daten im Rahmen des Internetauftritts www.wpsl-wpg.de\u00a0 (\u201eInternetseite\u201c) ernst. Nachfolgend ist beschrieben, wer die verantwortliche Stelle ist, welche personenbezogenen Daten bei Ihrem Besuch auf der Internetseite erfasst werden, wie diese personenbezogenen Daten verarbeitet und genutzt werden und was die Zwecke dieser Erhebung, Verarbeitung und Nutzung sind.<\/p>\n<p><strong>1.\u00a0\u00a0\u00a0\u00a0\u00a0\u00a0\u00a0\u00a0\u00a0\u00a0\u00a0\u00a0 Verantwortliche Stelle f\u00fcr die Datenerhebung:<\/strong><\/p>\n<p>Verantwortliche Stelle im Sinne des Datenschutzrechts ist:<\/p>\n<p>WPSL Treuhand &amp; Revision GmbH<br \/>\nWirtschaftspr\u00fcfungsgesellschaft<\/p>\n<p>Oehmestrasse 4 | 01277 Dresden<\/p>\n<p>Telefon \u00a0 +49 (351) 6569 1852<br \/>\nFax\u00a0\u00a0\u00a0\u00a0\u00a0\u00a0\u00a0\u00a0\u00a0 +49 (351) 6569 1853<br \/>\nE-Mail \u00a0 \u00a0 Info@WPSL-WPG.de<\/p>\n<p>Gesch\u00e4ftsf\u00fchrung<br \/>\nWP Dr. Heike Liebal<\/p>\n<p><strong>2.\u00a0\u00a0\u00a0\u00a0\u00a0\u00a0\u00a0\u00a0\u00a0\u00a0\u00a0\u00a0 Erhebung, Verarbeitung und Nutzung Personenbezogener Daten<\/strong><\/p>\n<p>Sie k\u00f6nnen unsere Internetseite aufrufen und ansehen, ohne personenbezogene Daten an uns mitzuteilen und ohne dass wir personenbezogene Daten erheben, verarbeiten oder nutzen. Wir erheben Ihre personenbezogenen Daten \u00fcber die Internetseite nur in folgenden F\u00e4llen:<br \/>\ni.\u00a0\u00a0\u00a0\u00a0\u00a0\u00a0\u00a0\u00a0\u00a0\u00a0\u00a0 Direktmarketing,<br \/>\nii.\u00a0\u00a0\u00a0\u00a0\u00a0\u00a0\u00a0\u00a0\u00a0\u00a0 Sonderaktionen<br \/>\niii. \u00a0 \u00a0 \u00a0 \u00a0\u00a0 Cookies<br \/>\nDabei werden situationsabh\u00e4ngig die im Folgenden jeweils beschriebenen personenbezogenen Daten im Sinne des Bundesdatenschutzgesetzes (\u201ePersonenbezogene Daten\u201e) wie folgt erhoben, verarbeitet oder genutzt:<\/p>\n<p>(i) Direktmarketing<br \/>\nWir erheben, verarbeiten und nutzen Ihre Personenbezogenen Daten, die Sie bei der Anmeldung zu Direktmarketingma\u00dfnahmen (z. B. Bestellung des Newsletters, Zusendung von Werbematerial) angeben, f\u00fcr die Durchf\u00fchrung der jeweiligen Direktmarketingma\u00dfnahme. Personenbezogene Daten im Rahmen von Direktmarketingma\u00dfnahmen sind Anrede, Name, E-Mail-Adresse, Telefonnummer (bei Kurznachrichtenversand), Postadresse (bei Versand per Post), Geburtsdatum sowie die Art der von Ihnen bestellten Direktmarketingma\u00dfnahme und \u00e4hnliche Informationen, die Sie uns in diesem Zusammenhang mitteilen. Nach Abmeldung von der jeweiligen Direktmarketingma\u00dfnahme werden wir Ihre Personenbezogenen Daten entsprechend den gesetzlichen Erfordernissen l\u00f6schen, soweit diese nicht mehr ben\u00f6tigt werden, oder sperren, soweit diese aus gesetzlichen Gr\u00fcnden archiviert werden m\u00fcssen. Soweit Sie uns im Rahmen anderer Aktionen Anrede, Namen und Postadresse mitteilen, k\u00f6nnen wir diese Personenbezogenen Daten im Rahmen von \u00a7 28 Abs. 3, S. 2 Nr. 1 BDSG f\u00fcr Werbung f\u00fcr eigene Angebote von WPSL Treuhand &amp; Revision GmbH WPG per Post verwenden. Sie haben jederzeit das Recht, dieser Verwendung zu widersprechen. Bitte kontaktieren Sie uns hierzu unter den Kontaktdaten wie oben unter 1) dargestellt.<\/p>\n<p>(ii) Sonderaktionen<br \/>\nWir erheben, verarbeiten und nutzen Ihre Personenbezogenen Daten, die Sie uns bei der Teilnahme an Sonderaktionen, mitteilen f\u00fcr die Durchf\u00fchrung der jeweiligen Sonderaktion. Personenbezogene Daten im Rahmen einer Sonderaktion sind jeweils Anrede, Name, E-Mail-Adresse, Geburtsdatum, Adresse und weitere Informationen, die Sie uns im Rahmen der jeweiligen Sonderaktion mitteilen. Nach Durchf\u00fchrung der Sonderaktion werden wir Ihre Personenbezogenen Daten entsprechend den gesetzlichen Erfordernissen l\u00f6schen, soweit diese nicht mehr ben\u00f6tigt werden, oder sperren, soweit diese aus gesetzlichen Gr\u00fcnden archiviert werden m\u00fcssen. Die Teilnahmebedingungen zur jeweiligen Sonderaktion enthalten weitere Informationen zum Datenschutz.<\/p>\n<p>(iii) Cookies<br \/>\nDie Internetseite verwendet \u00fcber den unter Ziffer 2 (vi) beschriebenen Einsatz von Cookies weitere Cookies. Sie enthalten Ihre IP-Adresse sowie zuf\u00e4llige, anonyme Zuordnungsnummern, die es dem Server erm\u00f6glichen, die von Ihnen gew\u00e4hlten Einstellungen (z. B. Sprache, Alter) bei Ihrem n\u00e4chsten Seitenaufruf erneut Ihnen zuzuordnen und so Ihre Nutzung der Internetseite mit mehr Komfort erm\u00f6glichen. Cookies enthalten oder erheben keine personenbezogenen Daten und verfallen nach 30 Tagen. Wenn Sie keine Speicherung von Cookies zulassen m\u00f6chten, k\u00f6nnen Sie dies \u00fcber die Einstellungen Ihres Webbrowsers ausschalten. Die Benutzung der Internetseite wird dadurch nicht beeintr\u00e4chtigt, die Identifizierungsnummer wird dann von Ihrem Browser automatisch an jeden Link innerhalb der Internetseite angeh\u00e4ngt. Ihre Einstellungen gehen dann allerdings beim Schlie\u00dfen des Browsers verloren. Die Angaben zu Ihrem Alter sind in allen F\u00e4llen aus Gr\u00fcnden des Jugendschutzes erforderlich.<\/p>\n<p><strong>3.\u00a0\u00a0\u00a0\u00a0\u00a0\u00a0\u00a0\u00a0\u00a0\u00a0\u00a0\u00a0 \u00dcbermittlung oder Weitergabe Personenbezogener Daten an Dritte<\/strong><\/p>\n<p>Eine \u00fcber die \u00dcbermittlung an Google nach Unterziffer 2 (iv) hinausgehende \u00dcbermittlung Ihrer Personenbezogenen Daten an Dritte erfolgt nur an verbundene Unternehmen von WPSL Treuhand &amp; Revision GmbH WPG im Sinne von \u00a7 15 AktG innerhalb der EU\/des EWG, wenn dies zur Erf\u00fcllung des jeweiligen Zwecks (Ziffern 2 (i) bis (v) oben) erforderlich ist. Zudem k\u00f6nnen wir Ihre Personenbezogenen Daten an unsere Dienstleister innerhalb der EU\/des EWG weitergeben, die uns im Auftrag und entsprechend unseren Weisungen bei der Bearbeitung Ihrer Anfrage unterst\u00fctzen (z. B. IT-Service Provider). Eine andere Weitergabe Ihrer Personenbezogenen Daten an Dritte erfolgt nicht.<\/p>\n<p><strong>4.\u00a0\u00a0\u00a0\u00a0\u00a0\u00a0\u00a0\u00a0\u00a0\u00a0\u00a0\u00a0 Anonyme Zugriffsdaten<\/strong><\/p>\n<p>Der Webserver, auf dem die Internetseite betrieben wird, erfasst bei Ihrem Besuch anonyme Zugriffsdaten zu statistischen Zwecken. Diese geben uns z. B. Auskunft \u00fcber die Zugriffsh\u00e4ufigkeit bestimmter Unterseiten der Internetseite und helfen uns so bei der stetigen Verbesserung des Angebots. Eine Individualisierung der Nutzer ist \u00fcber diese Daten nicht m\u00f6glich. Eine Erhebung personenbezogener Daten erfolgt nicht.<\/p>\n<p><strong>5.\u00a0\u00a0\u00a0\u00a0\u00a0\u00a0\u00a0\u00a0\u00a0\u00a0\u00a0\u00a0 Ihre Rechte und Kontakt<\/strong><\/p>\n<p>Sie sind berechtigt nach den gesetzlichen Bestimmungen jederzeit Auskunft und Berichtigung, L\u00f6schung oder Sperrung Ihrer Personenbezogenen Daten von uns zu verlangen. Bitte kontaktieren Sie uns hierzu sowie bei sonstigen Fragen zum Datenschutz in Zusammenhang mit der Internetseite unter den Kontaktdaten wie oben unter 1) dargestellt.<\/p>\n<\/div>\n","protected":false},"excerpt":{"rendered":"<p>Datenschutzrechtliche Hinweise WPSL Treuhand &amp; Revision GmbH WPG nimmt den Schutz Ihrer personenbezogenen Daten im Rahmen des Internetauftritts www.wpsl-wpg.de\u00a0 (\u201eInternetseite\u201c) ernst. Nachfolgend ist beschrieben, wer die verantwortliche Stelle ist, welche personenbezogenen Daten bei Ihrem Besuch auf der Internetseite erfasst werden, &hellip; <a class=\"more-link\" href=\"https:\/\/www.wpsl-wpg.de\/?page_id=337\">weiterlesen<\/a><\/p>","protected":false},"author":1,"featured_media":0,"parent":0,"menu_order":0,"comment_status":"closed","ping_status":"closed","template":"pages\/fullwidth.php","meta":{"footnotes":""},"class_list":["post-337","page","type-page","status-publish","hentry"],"_links":{"self":[{"href":"https:\/\/www.wpsl-wpg.de\/index.php?rest_route=\/wp\/v2\/pages\/337","targetHints":{"allow":["GET"]}}],"collection":[{"href":"https:\/\/www.wpsl-wpg.de\/index.php?rest_route=\/wp\/v2\/pages"}],"about":[{"href":"https:\/\/www.wpsl-wpg.de\/index.php?rest_route=\/wp\/v2\/types\/page"}],"author":[{"embeddable":true,"href":"https:\/\/www.wpsl-wpg.de\/index.php?rest_route=\/wp\/v2\/users\/1"}],"replies":[{"embeddable":true,"href":"https:\/\/www.wpsl-wpg.de\/index.php?rest_route=%2Fwp%2Fv2%2Fcomments&post=337"}],"version-history":[{"count":7,"href":"https:\/\/www.wpsl-wpg.de\/index.php?rest_route=\/wp\/v2\/pages\/337\/revisions"}],"predecessor-version":[{"id":373,"href":"https:\/\/www.wpsl-wpg.de\/index.php?rest_route=\/wp\/v2\/pages\/337\/revisions\/373"}],"wp:attachment":[{"href":"https:\/\/www.wpsl-wpg.de\/index.php?rest_route=%2Fwp%2Fv2%2Fmedia&parent=337"}],"curies":[{"name":"wp","href":"https:\/\/api.w.org\/{rel}","templated":true}]}}