{"id":35,"date":"2014-11-18T20:15:50","date_gmt":"2014-11-18T20:15:50","guid":{"rendered":"http:\/\/lsr-gmbh-wpg.de\/?page_id=35"},"modified":"2026-01-21T22:13:17","modified_gmt":"2026-01-21T22:13:17","slug":"kontakt","status":"publish","type":"page","link":"https:\/\/www.wpsl-wpg.de\/?page_id=35","title":{"rendered":"Kontaktm\u00f6glichkeiten"},"content":{"rendered":"<p>So erreichen Sie die<\/p>\n<p><strong>WPSL Treuhand &amp; Revision GmbH<\/strong><br \/>\n<strong>Wirtschaftspr\u00fcfungsgesellschaft<\/strong><\/p>\n<p>Oehmestrasse 4 | 01277 Dresden<\/p>\n<p>Telefon \u00a0 <span style=\"display: inline !important; float: none; background-color: transparent; color: #333333; cursor: text; font-family: Georgia,'Times New Roman','Bitstream Charter',Times,serif; font-size: 16px; font-style: normal; font-variant: normal; font-weight: 400; letter-spacing: normal; orphans: 2; text-align: left; text-decoration: none; text-indent: 0px; text-transform: none; -webkit-text-stroke-width: 0px; white-space: normal; word-spacing: 0px;\">+49 (351) 6569 1852<\/span><br \/>\nFax\u00a0\u00a0\u00a0\u00a0\u00a0\u00a0\u00a0\u00a0\u00a0 +49 (351) 6569 1853<br \/>\nE-Mail \u00a0 \u00a0 Info@WPSL-WPG.de<\/p>\n<p>www.WPSL-WPG.de<\/p>\n<p><strong>Rechtlicher Hinweis zur Entstehung eines Mandantenverh\u00e4ltnisses<\/strong><\/p>\n<p>Es wird ausdr\u00fccklich darauf hingewiesen, dass durch die Nutzung von Telefon, Fax, E-Mail oder diese Webseite kein Mandantenverh\u00e4ltnis entsteht, au\u00dfer dieses wurde im Einzelfall schriftlich vereinbart und zugesagt. Bis zur schriftlichen Annahme eines Auftrags bzw. Mandats besteht kein Anspruch auf eine Beratung.<\/p>\n<p><strong>Hinweis zum Datenschutz<\/strong><\/p>\n<p><em>Allgemein<\/em><br \/>\n\u00dcber diese Internetseite sind direkte Kontaktaufnahmen nicht m\u00f6glich. Falls Sie uns Ihre pers\u00f6nlichen Daten (z. B. \u00fcber Fax oder E-Mail) \u00fcbermitteln, werden diese ausschlie\u00dflich f\u00fcr die direkte Kommunikation mit Ihnen verwendet. Eine Weitergabe an Dritte erfolgt keinesfalls.<\/p>\n<p>Sie haben jederzeit ein Recht auf die L\u00f6schung Ihrer pers\u00f6nlichen Daten, soweit nicht eine gesetzliche Aufbewahrungspflicht besteht. Falls Sie die L\u00f6schung Ihrer Daten w\u00fcnschen, teilen Sie uns dies bitte formlos (z. B. Fax, E-Mail) mit.<\/p>\n<p>Wir beachten bei der Verarbeitung und Speicherung von Daten die gesetzlichen und berufsrechtlichen Vorschriften.<\/p>\n<p><em>Automatische Erfassung von Informationen<\/em><br \/>\nWenn Sie die Internetseite der WPSL Treuhand &amp; Revision GmbH WPG nutzen, werden automatisch Informationen erfasst. Diese Informationen (Server-Logdateien) enthalten beispielsweise die Art des verwendeten Internetbrowsers, das Betriebssystem und den Domainnamen Ihres Internet-Service-Providers. Dabei handelt es sich ausschlie\u00dflich um Informationen, die keinen R\u00fcckschluss auf Ihre Person zulassen. Diese Informationen sind technisch erforderlich, um die von Ihnen jeweils angeforderten Inhalte des WPSL-Internetauftritts richtig anzuzeigen.<\/p>\n<p><em>Cookies<\/em><br \/>\nDie WPSL Treuhand &amp; Revision GmbH WPG setzt Cookies auf ihrer Internetseite ein. Cookies enthalten oder erheben keine personenbezogenen Daten und verfallen nach 30 Tagen. Wenn Sie keine Speicherung von Cookies zulassen m\u00f6chten, k\u00f6nnen Sie dies \u00fcber die Einstellungen Ihres Webbrowsers ausschalten. Die Benutzung der Internetseite wird dadurch nicht beeintr\u00e4chtigt, die Identifizierungsnummer wird dann von Ihrem Browser automatisch an jeden Link innerhalb der Internetseite angeh\u00e4ngt. Ihre Einstellungen gehen dann allerdings beim Schlie\u00dfen des Browsers verloren.<\/p>\n","protected":false},"excerpt":{"rendered":"<p>So erreichen Sie die WPSL Treuhand &amp; Revision GmbH Wirtschaftspr\u00fcfungsgesellschaft Oehmestrasse 4 | 01277 Dresden Telefon \u00a0 +49 (351) 6569 1852 Fax\u00a0\u00a0\u00a0\u00a0\u00a0\u00a0\u00a0\u00a0\u00a0 +49 (351) 6569 1853 E-Mail \u00a0 \u00a0 Info@WPSL-WPG.de www.WPSL-WPG.de Rechtlicher Hinweis zur Entstehung eines Mandantenverh\u00e4ltnisses Es wird ausdr\u00fccklich &hellip; <a class=\"more-link\" href=\"https:\/\/www.wpsl-wpg.de\/?page_id=35\">weiterlesen<\/a><\/p>","protected":false},"author":1,"featured_media":0,"parent":0,"menu_order":0,"comment_status":"closed","ping_status":"closed","template":"pages\/fullwidth.php","meta":{"footnotes":""},"class_list":["post-35","page","type-page","status-publish","hentry"],"_links":{"self":[{"href":"https:\/\/www.wpsl-wpg.de\/index.php?rest_route=\/wp\/v2\/pages\/35","targetHints":{"allow":["GET"]}}],"collection":[{"href":"https:\/\/www.wpsl-wpg.de\/index.php?rest_route=\/wp\/v2\/pages"}],"about":[{"href":"https:\/\/www.wpsl-wpg.de\/index.php?rest_route=\/wp\/v2\/types\/page"}],"author":[{"embeddable":true,"href":"https:\/\/www.wpsl-wpg.de\/index.php?rest_route=\/wp\/v2\/users\/1"}],"replies":[{"embeddable":true,"href":"https:\/\/www.wpsl-wpg.de\/index.php?rest_route=%2Fwp%2Fv2%2Fcomments&post=35"}],"version-history":[{"count":21,"href":"https:\/\/www.wpsl-wpg.de\/index.php?rest_route=\/wp\/v2\/pages\/35\/revisions"}],"predecessor-version":[{"id":363,"href":"https:\/\/www.wpsl-wpg.de\/index.php?rest_route=\/wp\/v2\/pages\/35\/revisions\/363"}],"wp:attachment":[{"href":"https:\/\/www.wpsl-wpg.de\/index.php?rest_route=%2Fwp%2Fv2%2Fmedia&parent=35"}],"curies":[{"name":"wp","href":"https:\/\/api.w.org\/{rel}","templated":true}]}}