{"id":38,"date":"2014-11-18T21:32:20","date_gmt":"2014-11-18T21:32:20","guid":{"rendered":"http:\/\/lsr-gmbh-wpg.de\/?page_id=38"},"modified":"2026-01-21T23:20:31","modified_gmt":"2026-01-21T23:20:31","slug":"leistungsspektrum-2","status":"publish","type":"page","link":"https:\/\/www.wpsl-wpg.de\/?page_id=38","title":{"rendered":"Leistungsspektrum"},"content":{"rendered":"<p>&nbsp;<\/p>\n<div style=\"width: 100%; text-align: center;\">\n<div style=\"width: 640px; text-align: right; padding-bottom: 20px; margin: auto;\"><a href=\"https:\/\/www.wpsl-wpg.de\/wp-content\/uploads\/2026\/01\/philosophie-1.jpg\"><img loading=\"lazy\" decoding=\"async\" class=\"alignnone wp-image-366\" src=\"https:\/\/www.wpsl-wpg.de\/wp-content\/uploads\/2026\/01\/philosophie-1.jpg\" alt=\"\" width=\"180\" height=\"185\" srcset=\"https:\/\/www.wpsl-wpg.de\/wp-content\/uploads\/2026\/01\/philosophie-1.jpg 440w, https:\/\/www.wpsl-wpg.de\/wp-content\/uploads\/2026\/01\/philosophie-1-293x300.jpg 293w\" sizes=\"auto, (max-width: 180px) 100vw, 180px\" \/><\/a><\/div>\n<table width=\"540\" cellpadding=\"6\" align=\"center\">\n<tbody>\n<tr>\n<th style=\"width: 180px; background-color: #ffff66;\">Treuhandt\u00e4tigkeit<\/th>\n<td><\/td>\n<th style=\"width: 180px; background-color: #ffff66;\">Buchf\u00fchrung &amp;<br \/>\nLohn\/Gehalt<\/th>\n<td><\/td>\n<th style=\"width: 180px; background-color: #ffff66;\">Erstellung von<br \/>\nAbschl\u00fcssen<\/th>\n<\/tr>\n<tr>\n<td style=\"text-align: left;\" valign=\"top\">\n<ul>\n<li>Verwaltung fremden Verm\u00f6gens<\/li>\n<li>Wahrnehmung von Gesellschafterrechten<\/li>\n<li>Notgesch\u00e4ftsf\u00fchrung von Unternehmen<\/li>\n<li>Halten von Gesell-schaftsanteilen und Erwerb von Grundst\u00fccken<\/li>\n<\/ul>\n<\/td>\n<td><\/td>\n<td style=\"text-align: left;\" valign=\"top\">\n<ul>\n<li>\u00dcbernahme (komplett)<\/li>\n<li>Unterst\u00fctzung<\/li>\n<li>Voranmeldungen<\/li>\n<li>Lohn-\/Gehaltsabrechnung<\/li>\n<li>Monatliche Auswertungen<\/li>\n<\/ul>\n<\/td>\n<td><\/td>\n<td style=\"text-align: left;\" valign=\"top\">\n<ul>\n<li>Jahresabschluss<\/li>\n<li>Konzernabschluss<\/li>\n<li>Zwischenabschluss<\/li>\n<li>Konzernpackages<\/li>\n<li>Einnahmen-\u00dcberschuss-Rechnung<\/li>\n<li>Jahresabschlussanalyse<\/li>\n<\/ul>\n<\/td>\n<\/tr>\n<tr>\n<td><\/td>\n<\/tr>\n<tr>\n<th style=\"background-color: #ffff66;\">Pr\u00fcfungst\u00e4tigkeit<\/th>\n<td><\/td>\n<th style=\"background-color: #ffff66;\">Bescheinigungen<\/th>\n<td><\/td>\n<th style=\"background-color: #ffff66;\">Gutachten<\/th>\n<\/tr>\n<tr>\n<td style=\"text-align: left;\" valign=\"top\">\n<ul>\n<li>Jahres- und Konzern-abschlusspr\u00fcfung einschlie\u00dflich Lagebericht<\/li>\n<li>Pr\u00fcferische Durchsicht<\/li>\n<li>Pr\u00fcfung nach \u00a7 53 HGrG<\/li>\n<li>Sonderpr\u00fcfung<\/li>\n<\/ul>\n<\/td>\n<td><\/td>\n<td style=\"text-align: left;\" valign=\"top\">\n<ul>\n<li>Energiewirtschaft<br \/>\nz.B. EEG, KWK etc.<\/li>\n<li>Mittelverwendung<br \/>\nz.B. Zusch\u00fcsse, Zuwendungen<\/li>\n<li>F\u00f6rdermittel<br \/>\nz.B. SAB, KfW, GA, EFRE etc.<\/li>\n<\/ul>\n<\/td>\n<td><\/td>\n<td style=\"text-align: left;\" valign=\"top\">\n<ul>\n<li>Betriebswirtschaftliche Sachverhalte<\/li>\n<li>Bilanzierung &amp; Bewertung<\/li>\n<li>Wertermittlung<\/li>\n<li>Erstellung oder Beurteilung von Sanierungskonzepten<\/li>\n<\/ul>\n<\/td>\n<\/tr>\n<tr>\n<td><\/td>\n<\/tr>\n<tr>\n<th style=\"background-color: #ffff66;\">Beratung<\/th>\n<td><\/td>\n<th style=\"background-color: #ffff66;\">Interne Revision<\/th>\n<td><\/td>\n<th style=\"background-color: #ffff66;\"><\/th>\n<\/tr>\n<tr>\n<td style=\"text-align: left;\" valign=\"top\">\n<ul>\n<li>Unterst\u00fctzung Finanzen, Rewe, Controlling<\/li>\n<li>Internes Kontrollsystem<\/li>\n<li>Prozessmanagement<\/li>\n<li>Risikomanagement<\/li>\n<li>Compliance Management<\/li>\n<li>Interimsmanagement<\/li>\n<li>Sanierung<\/li>\n<\/ul>\n<\/td>\n<td><\/td>\n<td style=\"text-align: left;\" valign=\"top\">\n<ul>\n<li>Unterst\u00fctzung beim Aufbau der IR<\/li>\n<li>Durchf\u00fchrung der IR<\/li>\n<li>\u00dcbernahme von Sonderthemen der IR<\/li>\n<li>Mitwirkung bei der Optimierung einer bestehenden IR<\/li>\n<li>Qualit\u00e4tssicherung<\/li>\n<\/ul>\n<\/td>\n<td><\/td>\n<td style=\"text-align: left;\" valign=\"top\"><\/td>\n<\/tr>\n<\/tbody>\n<\/table>\n<\/div>\n","protected":false},"excerpt":{"rendered":"<p>&nbsp; Treuhandt\u00e4tigkeit Buchf\u00fchrung &amp; Lohn\/Gehalt Erstellung von Abschl\u00fcssen Verwaltung fremden Verm\u00f6gens Wahrnehmung von Gesellschafterrechten Notgesch\u00e4ftsf\u00fchrung von Unternehmen Halten von Gesell-schaftsanteilen und Erwerb von Grundst\u00fccken \u00dcbernahme (komplett) Unterst\u00fctzung Voranmeldungen Lohn-\/Gehaltsabrechnung Monatliche Auswertungen Jahresabschluss Konzernabschluss Zwischenabschluss Konzernpackages Einnahmen-\u00dcberschuss-Rechnung Jahresabschlussanalyse Pr\u00fcfungst\u00e4tigkeit Bescheinigungen Gutachten &hellip; <a class=\"more-link\" href=\"https:\/\/www.wpsl-wpg.de\/?page_id=38\">weiterlesen<\/a><\/p>","protected":false},"author":1,"featured_media":0,"parent":0,"menu_order":0,"comment_status":"closed","ping_status":"closed","template":"pages\/fullwidth.php","meta":{"footnotes":""},"class_list":["post-38","page","type-page","status-publish","hentry"],"_links":{"self":[{"href":"https:\/\/www.wpsl-wpg.de\/index.php?rest_route=\/wp\/v2\/pages\/38","targetHints":{"allow":["GET"]}}],"collection":[{"href":"https:\/\/www.wpsl-wpg.de\/index.php?rest_route=\/wp\/v2\/pages"}],"about":[{"href":"https:\/\/www.wpsl-wpg.de\/index.php?rest_route=\/wp\/v2\/types\/page"}],"author":[{"embeddable":true,"href":"https:\/\/www.wpsl-wpg.de\/index.php?rest_route=\/wp\/v2\/users\/1"}],"replies":[{"embeddable":true,"href":"https:\/\/www.wpsl-wpg.de\/index.php?rest_route=%2Fwp%2Fv2%2Fcomments&post=38"}],"version-history":[{"count":17,"href":"https:\/\/www.wpsl-wpg.de\/index.php?rest_route=\/wp\/v2\/pages\/38\/revisions"}],"predecessor-version":[{"id":376,"href":"https:\/\/www.wpsl-wpg.de\/index.php?rest_route=\/wp\/v2\/pages\/38\/revisions\/376"}],"wp:attachment":[{"href":"https:\/\/www.wpsl-wpg.de\/index.php?rest_route=%2Fwp%2Fv2%2Fmedia&parent=38"}],"curies":[{"name":"wp","href":"https:\/\/api.w.org\/{rel}","templated":true}]}}